{"id":2372,"date":"2021-01-05T13:13:09","date_gmt":"2021-01-05T13:13:09","guid":{"rendered":"http:\/\/clinica.codesian.com\/politraumatismos-por-accidente\/"},"modified":"2021-02-05T08:32:49","modified_gmt":"2021-02-05T08:32:49","slug":"politraumatismos-por-accidente","status":"publish","type":"page","link":"https:\/\/aitziberyaguecortazar.com\/en\/politraumatismos-por-accidente\/","title":{"rendered":"Polytrauma accidentally"},"content":{"rendered":"<p><section id=\"bt_bb_section69d507f7532ad\" class=\"bt_bb_section bt_bb_color_scheme_6 bt_bb_layout_boxed_1200 bt_bb_vertical_align_top bt_bb_bottom_section_coverage_image bt_bb_section_with_bottom_coverage_image bt_bb_top_spacing_medium btCustomHeadlineSection\" style=\"; --section-primary-color:#ffffff; --section-secondary-color:#3b779a;\" data-bt-override-class=\"null\"><div class=\"bt_bb_background_image_holder_wrapper\"><div class=\"bt_bb_background_image_holder btLazyLoadBackground bt_bb_parallax\"  data-background_image_src=\"https:\/\/aitziberyaguecortazar.com\/wp-content\/uploads\/2020\/05\/bgn-blurb-1.png\" data-parallax=\"0.6\" data-parallax-offset=\"0\" data-parallax-zoom-start=\"1\" data-parallax-zoom-end=\"1\" data-parallax-blur-start=\"0\" data-parallax-blur-end=\"0\" data-parallax-opacity-start=\"1\" data-parallax-opacity-end=\"1\" style=\" background-image: url(&#039;https:\/\/aitziberyaguecortazar.com\/wp-content\/plugins\/bold-page-builder\/img\/blank.gif&#039;);\"><\/div><\/div><div class=\"bt_bb_port\"><div class=\"bt_bb_cell\"><div class=\"bt_bb_cell_inner\"><div class=\"bt_bb_row \"  data-bt-override-class=\"{}\"><div class=\"bt_bb_row_holder\" ><div  class=\"bt_bb_column col-xxl-6 col-xl-6 bt_bb_vertical_align_bottom bt_bb_align_left bt_bb_padding_normal\"  data-width=\"6\" data-bt-override-class=\"{}\"><div class=\"bt_bb_column_content\"><div class=\"bt_bb_separator bt_bb_border_style_none bt_bb_bottom_spacing_medium\" data-bt-override-class=\"null\"><\/div><header class=\"bt_bb_headline bt_bb_font_weight_bold bt_bb_dash_none bt_bb_subheadline bt_bb_size_huge bt_bb_align_inherit bt_bb_dash_type_none\" data-bt-override-class=\"{}\"><h1 class=\"bt_bb_headline_tag\"><span class=\"bt_bb_headline_content\"><span><small>Polytrauma<\/small><br \/><br \/>\n<s>accidentally<\/s><\/span><\/span><\/h1><div class=\"bt_bb_headline_subheadline\">Thanks to current cosmetic surgery techniques *, damage caused by an accident does not have to scar you for life.<\/div><\/header><div class=\"bt_bb_separator bt_bb_border_style_none bt_bb_bottom_spacing_large\" data-bt-override-class=\"null\"><\/div><\/div><\/div><div  class=\"bt_bb_column col-xxl-6 col-xl-6 bt_bb_vertical_align_bottom bt_bb_align_center bt_bb_padding_normal bt_bb_animation_fade_in move_up animate\" style=\"position: relative;\" data-width=\"6\" data-bt-override-class=\"{}\"><div class=\"bt_bb_column_content\"><div class=\"bt_bb_image blob-image-header bt_bb_shape_square bt_bb_target_self bt_bb_align_inherit bt_bb_hover_style_simple bt_bb_content_display_always bt_bb_content_align_middle\" style=\"max-width: 560px;\" data-bt-override-class=\"{}\"><span><img fetchpriority=\"high\" decoding=\"async\" width=\"303\" height=\"400\" src=\"https:\/\/aitziberyaguecortazar.com\/wp-content\/uploads\/2021\/01\/pixlr-bg-result-2-4.png\" class=\"attachment-full size-full\" alt=\"https:\/\/aitziberyaguecortazar.com\/wp-content\/uploads\/2021\/01\/pixlr-bg-result-2-4.png\" data-full_image_src=\"https:\/\/aitziberyaguecortazar.com\/wp-content\/uploads\/2021\/01\/pixlr-bg-result-2-4.png\" title=\"pixlr-bg-result (2)\" loading=\"eager\" \/><\/span><\/div><div class=\"bt_bb_floating_image bt_bb_floating_image_horizontal_position_center bt_bb_floating_image_vertical_position_bottom bt_bb_floating_image_animation_delay_default bt_bb_floating_image_animation_duration_default bt_bb_floating_image_animation_style_ease_out\" style=\"max-width: 520px;\" data-speed=\"1.0\"><div class=\"bt_bb_floating_image_image\" data-speed=\"1.0\"><div class=\"bt_bb_image\" data-bt-override-class=\"{}\"><span><img decoding=\"async\" width=\"931\" height=\"942\" src=\"https:\/\/aitziberyaguecortazar.com\/wp-content\/uploads\/2020\/04\/floater-1.png\" class=\"attachment-full size-full\" alt=\"Cl\u00ednica Dental y Maxilofacial Aitziber Yag\u00fce Cort\u00e1zar Soria\" data-full_image_src=\"https:\/\/aitziberyaguecortazar.com\/wp-content\/uploads\/2020\/04\/floater-1.png\" title=\"Cl\u00ednica Dental y Maxilofacial Aitziber Yag\u00fce Cort\u00e1zar Soria\" loading=\"eager\" srcset=\"https:\/\/aitziberyaguecortazar.com\/wp-content\/uploads\/2020\/04\/floater-1.png 931w, https:\/\/aitziberyaguecortazar.com\/wp-content\/uploads\/2020\/04\/floater-1-640x648.png 640w, https:\/\/aitziberyaguecortazar.com\/wp-content\/uploads\/2020\/04\/floater-1-768x777.png 768w, https:\/\/aitziberyaguecortazar.com\/wp-content\/uploads\/2020\/04\/floater-1-320x324.png 320w\" sizes=\"(max-width: 931px) 100vw, 931px\" \/><\/span><\/div><\/div><\/div><\/div><\/div><\/div><\/div><\/div><!-- cell_inner --><\/div><!-- cell --><\/div><!-- port --><div class=\"bt_bb_section_bottom_section_coverage_image\"><img decoding=\"async\" src=\"https:\/\/aitziberyaguecortazar.com\/wp-content\/uploads\/2020\/01\/bottom-cover-2.png\" alt=\"bt_bb_section_bottom_section_coverage_image\" \/><\/div><\/section><section id=\"bt_bb_section69d507f753b53\" class=\"bt_bb_section bt_bb_layout_boxed_1200\"  data-bt-override-class=\"null\"><div class=\"bt_bb_port\"><div class=\"bt_bb_cell\"><div class=\"bt_bb_cell_inner\"><div class=\"bt_bb_row \"  data-bt-override-class=\"{}\"><div class=\"bt_bb_row_holder\" ><div  class=\"bt_bb_column col-xxl-12 col-xl-12 bt_bb_vertical_align_top bt_bb_align_left bt_bb_padding_normal\"  data-width=\"12\" data-bt-override-class=\"{}\"><div class=\"bt_bb_column_content\"><div class=\"bt_bb_separator bt_bb_border_style_none bt_bb_top_spacing_large\" data-bt-override-class=\"null\"><\/div><\/div><\/div><\/div><\/div><\/div><!-- cell_inner --><\/div><!-- cell --><\/div><!-- port --><\/section><section id=\"bt_bb_section69d507f753c51\" class=\"bt_bb_section bt_bb_layout_boxed_1200\"  data-bt-override-class=\"null\"><div class=\"bt_bb_port\"><div class=\"bt_bb_cell\"><div class=\"bt_bb_cell_inner\"><div class=\"bt_bb_row \"  data-bt-override-class=\"{}\"><div class=\"bt_bb_row_holder\" ><div  class=\"bt_bb_column col-xxl-6 col-xl-6 bt_bb_vertical_align_middle bt_bb_align_left bt_bb_padding_normal bt_bb_animation_fade_in animate\"  data-width=\"6\" data-bt-override-class=\"{}\"><div class=\"bt_bb_column_content\"><header class=\"bt_bb_headline service-text bt_bb_font_weight_normal bt_bb_color_scheme_9 bt_bb_dash_none bt_bb_subheadline bt_bb_size_huge bt_bb_align_inherit bt_bb_dash_type_none service-text\" style=\"; --primary-color:#191919; --secondary-color:#f3a70e;\" data-bt-override-class=\"{}\"><h4 style=\"font-size:1.0 rem\" class=\"bt_bb_headline_tag\"><span class=\"bt_bb_headline_content\"><span><b> Be you again <\/b><\/span><\/span><\/h4><div class=\"bt_bb_headline_subheadline\">After the accident, it is hard enough having to deal with the shock of having lived through that experience, but if you also have to accept that your face has been deformed forever, the consequences for the person's mood can be dire.<\/p><br \/>\n<p>Reconstructive surgery for polytrauma in Soria<\/p><br \/>\n<p>Cosmetic surgery * is the opportunity given to these people so that they can continue with their life as they left it. After a car accident, for example, there are many possibilities that the face will be affected and deformed, due to objects in the front of the car such as the steering wheel, the glass or even the airbag. In recent years, the cuts with the car windows have been reduced thanks to the implantation of the laminated windows, although it has not disappeared. The most frequent injuries are to the nose and the malar bone, which supports the cheeks. In these situations, the main thing is to reposition the bone, sometimes using plates and screws.<\/p><br \/>\n<p>All this is necessary to rebuild the bone facial structure, always seeking to maintain the initial features of the person, and eliminate any visible trace of the injury.<\/p><br \/>\n<p>If you have had an accident that has left you aesthetic consequences, cosmetic surgery is the solution to regain your confidence in yourself.<\/div><\/header><div class=\"bt_bb_separator bt_bb_border_style_none bt_bb_bottom_spacing_normal\" data-bt-override-class=\"null\"><\/div><\/div><\/div><div  class=\"bt_bb_column col-xxl-6 col-xl-6 bt_bb_vertical_align_bottom bt_bb_align_right bt_bb_padding_normal bt_bb_animation_fade_in move_right animate\"  data-width=\"6\" data-bt-override-class=\"{}\"><div class=\"bt_bb_column_content\"><div class=\"bt_bb_image bt_bb_shape_square bt_bb_target_self bt_bb_align_inherit bt_bb_hover_style_simple bt_bb_content_display_always bt_bb_content_align_middle\" data-bt-override-class=\"{}\"><span><img decoding=\"async\" width=\"700\" height=\"700\" src=\"https:\/\/aitziberyaguecortazar.com\/wp-content\/uploads\/2021\/01\/20190406_060419EG_0859-1-0.png\" class=\"attachment-full size-full\" alt=\"https:\/\/aitziberyaguecortazar.com\/wp-content\/uploads\/2021\/01\/20190406_060419EG_0859-1-0.png\" data-full_image_src=\"https:\/\/aitziberyaguecortazar.com\/wp-content\/uploads\/2021\/01\/20190406_060419EG_0859-1-0.png\" title=\"20190406_060419EG_0859-1-0\" loading=\"eager\" srcset=\"https:\/\/aitziberyaguecortazar.com\/wp-content\/uploads\/2021\/01\/20190406_060419EG_0859-1-0.png 700w, https:\/\/aitziberyaguecortazar.com\/wp-content\/uploads\/2021\/01\/20190406_060419EG_0859-1-0-640x640.png 640w, https:\/\/aitziberyaguecortazar.com\/wp-content\/uploads\/2021\/01\/20190406_060419EG_0859-1-0-160x160.png 160w, https:\/\/aitziberyaguecortazar.com\/wp-content\/uploads\/2021\/01\/20190406_060419EG_0859-1-0-320x320.png 320w\" sizes=\"(max-width: 700px) 100vw, 700px\" \/><\/span><\/div><div class=\"bt_bb_separator bt_bb_border_style_none bt_bb_bottom_spacing_medium\" data-bt-override-class=\"null\"><\/div><\/div><\/div><\/div><\/div><div class=\"bt_bb_row \"  data-bt-override-class=\"{}\"><div class=\"bt_bb_row_holder\" ><div  class=\"bt_bb_column col-xxl-12 col-xl-12 bt_bb_vertical_align_top bt_bb_align_left bt_bb_padding_normal\"  data-width=\"12\" data-bt-override-class=\"{}\"><div class=\"bt_bb_column_content\"><div class=\"bt_bb_separator bt_bb_border_style_none bt_bb_top_spacing_small\" data-bt-override-class=\"null\"><\/div><\/div><\/div><\/div><\/div><\/div><!-- cell_inner --><\/div><!-- cell --><\/div><!-- port --><\/section><section id=\"bt_bb_section69d507f7541da\" class=\"bt_bb_section bt_bb_layout_boxed_1200\"  data-bt-override-class=\"null\"><div class=\"bt_bb_port\"><div class=\"bt_bb_cell\"><div class=\"bt_bb_cell_inner\"><div class=\"bt_bb_row \"  data-bt-override-class=\"{}\"><div class=\"bt_bb_row_holder\" ><div  class=\"bt_bb_column col-xxl-12 col-xl-12 bt_bb_vertical_align_top bt_bb_align_left bt_bb_padding_normal\"  data-width=\"12\" data-bt-override-class=\"{}\"><div class=\"bt_bb_column_content\"><div class=\"bt_bb_icon location-op-txt bt_bb_color_scheme_2 bt_bb_style_borderless bt_bb_size_xlarge bt_bb_shape_round-top-right bt_bb_target_self bt_bb_align_inherit\" style=\"; --primary-color:#191919; --secondary-color:#ffffff;\" data-bt-override-class=\"{}\"><span  data-ico-dentalcare=\"&#xe92a;\" class=\"bt_bb_icon_holder\"><span>All the operations that are carried out through the clinic of Dr. Lda Aitziber Yag\u00fce Cortazar, are carried out in the operating room at the Nuestra Se\u00f1ora de America and Ruber Internacional Hospital in Madrid, by Dr. Cesar Colmenero, maxillofacial surgeon and otolaryngologist.<\/span><\/span><\/div><div class=\"bt_bb_separator bt_bb_border_style_none bt_bb_bottom_spacing_large\" data-bt-override-class=\"null\"><\/div><\/div><\/div><\/div><\/div><\/div><!-- cell_inner --><\/div><!-- cell --><\/div><!-- port --><\/section><\/p>\n","protected":false},"excerpt":{"rendered":"","protected":false},"author":1,"featured_media":0,"parent":0,"menu_order":0,"comment_status":"closed","ping_status":"closed","template":"","meta":{"footnotes":""},"class_list":["post-2372","page","type-page","status-publish","hentry"],"yoast_head":"<!-- This site is optimized with the Yoast SEO plugin v27.2 - https:\/\/yoast.com\/product\/yoast-seo-wordpress\/ -->\n<title>Polytrauma accidentally - Aitziber Yag\u00fce Cort\u00e1zar<\/title>\n<meta name=\"robots\" content=\"index, follow, max-snippet:-1, max-image-preview:large, max-video-preview:-1\" \/>\n<link rel=\"canonical\" href=\"https:\/\/aitziberyaguecortazar.com\/en\/politraumatismos-por-accidente\/\" \/>\n<meta property=\"og:locale\" content=\"en_US\" \/>\n<meta property=\"og:type\" content=\"article\" \/>\n<meta property=\"og:title\" content=\"Polytrauma accidentally - Aitziber Yag\u00fce Cort\u00e1zar\" \/>\n<meta property=\"og:url\" content=\"https:\/\/aitziberyaguecortazar.com\/en\/politraumatismos-por-accidente\/\" \/>\n<meta property=\"og:site_name\" content=\"Aitziber Yag\u00fce Cort\u00e1zar\" \/>\n<meta property=\"article:publisher\" content=\"https:\/\/www.facebook.com\/aitziberyaguecortazar\" \/>\n<meta property=\"article:modified_time\" content=\"2021-02-05T08:32:49+00:00\" \/>\n<meta property=\"og:image\" content=\"https:\/\/aitziberyaguecortazar.com\/wp-content\/uploads\/2023\/05\/aitziber-yague-cortazar-logo-1.jpg\" \/>\n\t<meta property=\"og:image:width\" content=\"1200\" \/>\n\t<meta property=\"og:image:height\" content=\"675\" \/>\n\t<meta property=\"og:image:type\" content=\"image\/jpeg\" \/>\n<meta name=\"twitter:card\" content=\"summary_large_image\" \/>\n<meta name=\"twitter:label1\" content=\"Est. reading time\" \/>\n\t<meta name=\"twitter:data1\" content=\"6 minutes\" \/>\n<script type=\"application\/ld+json\" class=\"yoast-schema-graph\">{\"@context\":\"https:\/\/schema.org\",\"@graph\":[{\"@type\":\"WebPage\",\"@id\":\"https:\/\/aitziberyaguecortazar.com\/en\/politraumatismos-por-accidente\/\",\"url\":\"https:\/\/aitziberyaguecortazar.com\/en\/politraumatismos-por-accidente\/\",\"name\":\"Polytrauma accidentally - Aitziber Yag\u00fce Cort\u00e1zar\",\"isPartOf\":{\"@id\":\"https:\/\/aitziberyaguecortazar.com\/#website\"},\"datePublished\":\"2021-01-05T13:13:09+00:00\",\"dateModified\":\"2021-02-05T08:32:49+00:00\",\"breadcrumb\":{\"@id\":\"https:\/\/aitziberyaguecortazar.com\/en\/politraumatismos-por-accidente\/#breadcrumb\"},\"inLanguage\":\"en-US\",\"potentialAction\":[{\"@type\":\"ReadAction\",\"target\":[\"https:\/\/aitziberyaguecortazar.com\/en\/politraumatismos-por-accidente\/\"]}]},{\"@type\":\"BreadcrumbList\",\"@id\":\"https:\/\/aitziberyaguecortazar.com\/en\/politraumatismos-por-accidente\/#breadcrumb\",\"itemListElement\":[{\"@type\":\"ListItem\",\"position\":1,\"name\":\"Portada\",\"item\":\"https:\/\/aitziberyaguecortazar.com\/en\/\"},{\"@type\":\"ListItem\",\"position\":2,\"name\":\"Polytrauma accidentally\"}]},{\"@type\":\"WebSite\",\"@id\":\"https:\/\/aitziberyaguecortazar.com\/#website\",\"url\":\"https:\/\/aitziberyaguecortazar.com\/\",\"name\":\"Aitziber Yag\u00fce Cort\u00e1zar\",\"description\":\"Cl\u00ednica dental y maxilofacial.\",\"publisher\":{\"@id\":\"https:\/\/aitziberyaguecortazar.com\/#organization\"},\"potentialAction\":[{\"@type\":\"SearchAction\",\"target\":{\"@type\":\"EntryPoint\",\"urlTemplate\":\"https:\/\/aitziberyaguecortazar.com\/?s={search_term_string}\"},\"query-input\":{\"@type\":\"PropertyValueSpecification\",\"valueRequired\":true,\"valueName\":\"search_term_string\"}}],\"inLanguage\":\"en-US\"},{\"@type\":\"Organization\",\"@id\":\"https:\/\/aitziberyaguecortazar.com\/#organization\",\"name\":\"Aitziber Yag\u00fce Cortazar\",\"url\":\"https:\/\/aitziberyaguecortazar.com\/\",\"logo\":{\"@type\":\"ImageObject\",\"inLanguage\":\"en-US\",\"@id\":\"https:\/\/aitziberyaguecortazar.com\/#\/schema\/logo\/image\/\",\"url\":\"https:\/\/aitziberyaguecortazar.com\/wp-content\/uploads\/2023\/05\/aitziber-yague-cortazar-logo.png\",\"contentUrl\":\"https:\/\/aitziberyaguecortazar.com\/wp-content\/uploads\/2023\/05\/aitziber-yague-cortazar-logo.png\",\"width\":833,\"height\":833,\"caption\":\"Aitziber Yag\u00fce Cortazar\"},\"image\":{\"@id\":\"https:\/\/aitziberyaguecortazar.com\/#\/schema\/logo\/image\/\"},\"sameAs\":[\"https:\/\/www.facebook.com\/aitziberyaguecortazar\"]}]}<\/script>\n<!-- \/ Yoast SEO plugin. -->","yoast_head_json":{"title":"Polytrauma accidentally - Aitziber Yag\u00fce Cort\u00e1zar","robots":{"index":"index","follow":"follow","max-snippet":"max-snippet:-1","max-image-preview":"max-image-preview:large","max-video-preview":"max-video-preview:-1"},"canonical":"https:\/\/aitziberyaguecortazar.com\/en\/politraumatismos-por-accidente\/","og_locale":"en_US","og_type":"article","og_title":"Polytrauma accidentally - Aitziber Yag\u00fce Cort\u00e1zar","og_url":"https:\/\/aitziberyaguecortazar.com\/en\/politraumatismos-por-accidente\/","og_site_name":"Aitziber Yag\u00fce Cort\u00e1zar","article_publisher":"https:\/\/www.facebook.com\/aitziberyaguecortazar","article_modified_time":"2021-02-05T08:32:49+00:00","og_image":[{"width":1200,"height":675,"url":"https:\/\/aitziberyaguecortazar.com\/wp-content\/uploads\/2023\/05\/aitziber-yague-cortazar-logo-1.jpg","type":"image\/jpeg"}],"twitter_card":"summary_large_image","twitter_misc":{"Est. reading time":"6 minutes"},"schema":{"@context":"https:\/\/schema.org","@graph":[{"@type":"WebPage","@id":"https:\/\/aitziberyaguecortazar.com\/en\/politraumatismos-por-accidente\/","url":"https:\/\/aitziberyaguecortazar.com\/en\/politraumatismos-por-accidente\/","name":"Polytrauma accidentally - Aitziber Yag\u00fce Cort\u00e1zar","isPartOf":{"@id":"https:\/\/aitziberyaguecortazar.com\/#website"},"datePublished":"2021-01-05T13:13:09+00:00","dateModified":"2021-02-05T08:32:49+00:00","breadcrumb":{"@id":"https:\/\/aitziberyaguecortazar.com\/en\/politraumatismos-por-accidente\/#breadcrumb"},"inLanguage":"en-US","potentialAction":[{"@type":"ReadAction","target":["https:\/\/aitziberyaguecortazar.com\/en\/politraumatismos-por-accidente\/"]}]},{"@type":"BreadcrumbList","@id":"https:\/\/aitziberyaguecortazar.com\/en\/politraumatismos-por-accidente\/#breadcrumb","itemListElement":[{"@type":"ListItem","position":1,"name":"Portada","item":"https:\/\/aitziberyaguecortazar.com\/en\/"},{"@type":"ListItem","position":2,"name":"Polytrauma accidentally"}]},{"@type":"WebSite","@id":"https:\/\/aitziberyaguecortazar.com\/#website","url":"https:\/\/aitziberyaguecortazar.com\/","name":"Aitziber Yag\u00fce Cort\u00e1zar","description":"Cl\u00ednica dental y maxilofacial.","publisher":{"@id":"https:\/\/aitziberyaguecortazar.com\/#organization"},"potentialAction":[{"@type":"SearchAction","target":{"@type":"EntryPoint","urlTemplate":"https:\/\/aitziberyaguecortazar.com\/?s={search_term_string}"},"query-input":{"@type":"PropertyValueSpecification","valueRequired":true,"valueName":"search_term_string"}}],"inLanguage":"en-US"},{"@type":"Organization","@id":"https:\/\/aitziberyaguecortazar.com\/#organization","name":"Aitziber Yag\u00fce Cortazar","url":"https:\/\/aitziberyaguecortazar.com\/","logo":{"@type":"ImageObject","inLanguage":"en-US","@id":"https:\/\/aitziberyaguecortazar.com\/#\/schema\/logo\/image\/","url":"https:\/\/aitziberyaguecortazar.com\/wp-content\/uploads\/2023\/05\/aitziber-yague-cortazar-logo.png","contentUrl":"https:\/\/aitziberyaguecortazar.com\/wp-content\/uploads\/2023\/05\/aitziber-yague-cortazar-logo.png","width":833,"height":833,"caption":"Aitziber Yag\u00fce Cortazar"},"image":{"@id":"https:\/\/aitziberyaguecortazar.com\/#\/schema\/logo\/image\/"},"sameAs":["https:\/\/www.facebook.com\/aitziberyaguecortazar"]}]}},"_links":{"self":[{"href":"https:\/\/aitziberyaguecortazar.com\/en\/wp-json\/wp\/v2\/pages\/2372","targetHints":{"allow":["GET"]}}],"collection":[{"href":"https:\/\/aitziberyaguecortazar.com\/en\/wp-json\/wp\/v2\/pages"}],"about":[{"href":"https:\/\/aitziberyaguecortazar.com\/en\/wp-json\/wp\/v2\/types\/page"}],"author":[{"embeddable":true,"href":"https:\/\/aitziberyaguecortazar.com\/en\/wp-json\/wp\/v2\/users\/1"}],"replies":[{"embeddable":true,"href":"https:\/\/aitziberyaguecortazar.com\/en\/wp-json\/wp\/v2\/comments?post=2372"}],"version-history":[{"count":3,"href":"https:\/\/aitziberyaguecortazar.com\/en\/wp-json\/wp\/v2\/pages\/2372\/revisions"}],"predecessor-version":[{"id":3141,"href":"https:\/\/aitziberyaguecortazar.com\/en\/wp-json\/wp\/v2\/pages\/2372\/revisions\/3141"}],"wp:attachment":[{"href":"https:\/\/aitziberyaguecortazar.com\/en\/wp-json\/wp\/v2\/media?parent=2372"}],"curies":[{"name":"wp","href":"https:\/\/api.w.org\/{rel}","templated":true}]}}