{"id":2798,"date":"2021-01-28T09:29:37","date_gmt":"2021-01-28T09:29:37","guid":{"rendered":"http:\/\/clinica.codesian.com\/diseno-sonrisa-digital\/"},"modified":"2021-02-05T08:49:15","modified_gmt":"2021-02-05T08:49:15","slug":"diseno-sonrisa-digital","status":"publish","type":"page","link":"https:\/\/aitziberyaguecortazar.com\/en\/diseno-sonrisa-digital\/","title":{"rendered":"Design digital smile"},"content":{"rendered":"<p><section id=\"bt_bb_section69de28bc41642\" class=\"bt_bb_section bt_bb_color_scheme_6 bt_bb_layout_boxed_1200 bt_bb_vertical_align_top bt_bb_bottom_section_coverage_image bt_bb_section_with_bottom_coverage_image bt_bb_top_spacing_medium btCustomHeadlineSection\" style=\"; --section-primary-color:#ffffff; --section-secondary-color:#3b779a;\" data-bt-override-class=\"null\"><div class=\"bt_bb_background_image_holder_wrapper\"><div class=\"bt_bb_background_image_holder btLazyLoadBackground bt_bb_parallax\"  data-background_image_src=\"https:\/\/aitziberyaguecortazar.com\/wp-content\/uploads\/2020\/05\/bgn-blurb-1.png\" data-parallax=\"0.6\" data-parallax-offset=\"0\" data-parallax-zoom-start=\"1\" data-parallax-zoom-end=\"1\" data-parallax-blur-start=\"0\" data-parallax-blur-end=\"0\" data-parallax-opacity-start=\"1\" data-parallax-opacity-end=\"1\" style=\" background-image: url(&#039;https:\/\/aitziberyaguecortazar.com\/wp-content\/plugins\/bold-page-builder\/img\/blank.gif&#039;);\"><\/div><\/div><div class=\"bt_bb_port\"><div class=\"bt_bb_cell\"><div class=\"bt_bb_cell_inner\"><div class=\"bt_bb_row \"  data-bt-override-class=\"{}\"><div class=\"bt_bb_row_holder\" ><div  class=\"bt_bb_column col-xxl-6 col-xl-6 bt_bb_vertical_align_bottom bt_bb_align_left bt_bb_padding_normal\"  data-width=\"6\" data-bt-override-class=\"{}\"><div class=\"bt_bb_column_content\"><div class=\"bt_bb_separator bt_bb_border_style_none bt_bb_bottom_spacing_large\" data-bt-override-class=\"null\"><\/div><header class=\"bt_bb_headline bt_bb_font_weight_bold bt_bb_dash_none bt_bb_subheadline bt_bb_size_huge bt_bb_align_inherit bt_bb_dash_type_none\" data-bt-override-class=\"{}\"><h1 class=\"bt_bb_headline_tag\"><span class=\"bt_bb_headline_content\"><span><small>Design<\/small><br \/><br \/>\n<em><s>digital smile<\/s><\/em><\/span><\/span><\/h1><div class=\"bt_bb_headline_subheadline\">Thanks to our exocad design software, we can digitally plan and recreate the treatments that our patients are going to undergo, making them participate in the design and aesthetic tests to find the best functional and very natural aesthetic results.<\/div><\/header><div class=\"bt_bb_separator bt_bb_border_style_none bt_bb_bottom_spacing_large\" data-bt-override-class=\"null\"><\/div><\/div><\/div><div  class=\"bt_bb_column col-xxl-6 col-xl-6 bt_bb_vertical_align_middle bt_bb_align_center bt_bb_padding_normal bt_bb_animation_fade_in move_up animate\" style=\"position: relative;\" data-width=\"6\" data-bt-override-class=\"{}\"><div class=\"bt_bb_column_content\"><div class=\"bt_bb_separator bt_bb_border_style_none bt_bb_bottom_spacing_medium\" data-bt-override-class=\"null\"><\/div><div class=\"bt_bb_image bt_bb_shape_square bt_bb_target_self bt_bb_align_inherit bt_bb_hover_style_simple bt_bb_content_display_always bt_bb_content_align_middle\" style=\"max-width: 560px;\" data-bt-override-class=\"{}\"><span><img fetchpriority=\"high\" decoding=\"async\" width=\"730\" height=\"247\" src=\"https:\/\/aitziberyaguecortazar.com\/wp-content\/uploads\/2021\/01\/pixlr-bg-result-18.png\" class=\"attachment-full size-full\" alt=\"https:\/\/aitziberyaguecortazar.com\/wp-content\/uploads\/2021\/01\/pixlr-bg-result-18.png\" data-full_image_src=\"https:\/\/aitziberyaguecortazar.com\/wp-content\/uploads\/2021\/01\/pixlr-bg-result-18.png\" title=\"pixlr-bg-result (18)\" loading=\"eager\" srcset=\"https:\/\/aitziberyaguecortazar.com\/wp-content\/uploads\/2021\/01\/pixlr-bg-result-18.png 730w, https:\/\/aitziberyaguecortazar.com\/wp-content\/uploads\/2021\/01\/pixlr-bg-result-18-640x217.png 640w, https:\/\/aitziberyaguecortazar.com\/wp-content\/uploads\/2021\/01\/pixlr-bg-result-18-320x108.png 320w\" sizes=\"(max-width: 730px) 100vw, 730px\" \/><\/span><\/div><div class=\"bt_bb_floating_image bt_bb_floating_image_horizontal_position_center bt_bb_floating_image_vertical_position_bottom bt_bb_floating_image_animation_delay_default bt_bb_floating_image_animation_duration_default bt_bb_floating_image_animation_style_ease_out\" style=\"max-width: 520px;\" data-speed=\"1.0\"><div class=\"bt_bb_floating_image_image\" data-speed=\"1.0\"><div class=\"bt_bb_image\" data-bt-override-class=\"{}\"><span><img decoding=\"async\" width=\"931\" height=\"942\" src=\"https:\/\/aitziberyaguecortazar.com\/wp-content\/uploads\/2020\/04\/floater-1.png\" class=\"attachment-full size-full\" alt=\"Cl\u00ednica Dental y Maxilofacial Aitziber Yag\u00fce Cort\u00e1zar Soria\" data-full_image_src=\"https:\/\/aitziberyaguecortazar.com\/wp-content\/uploads\/2020\/04\/floater-1.png\" title=\"Cl\u00ednica Dental y Maxilofacial Aitziber Yag\u00fce Cort\u00e1zar Soria\" loading=\"eager\" srcset=\"https:\/\/aitziberyaguecortazar.com\/wp-content\/uploads\/2020\/04\/floater-1.png 931w, https:\/\/aitziberyaguecortazar.com\/wp-content\/uploads\/2020\/04\/floater-1-640x648.png 640w, https:\/\/aitziberyaguecortazar.com\/wp-content\/uploads\/2020\/04\/floater-1-768x777.png 768w, https:\/\/aitziberyaguecortazar.com\/wp-content\/uploads\/2020\/04\/floater-1-320x324.png 320w\" sizes=\"(max-width: 931px) 100vw, 931px\" \/><\/span><\/div><\/div><\/div><\/div><\/div><\/div><\/div><\/div><!-- cell_inner --><\/div><!-- cell --><\/div><!-- port --><div class=\"bt_bb_section_bottom_section_coverage_image\"><img decoding=\"async\" src=\"https:\/\/aitziberyaguecortazar.com\/wp-content\/uploads\/2020\/01\/bottom-cover-2.png\" alt=\"bt_bb_section_bottom_section_coverage_image\" \/><\/div><\/section><section id=\"bt_bb_section69de28bc42021\" class=\"bt_bb_section bt_bb_layout_boxed_1200\"  data-bt-override-class=\"null\"><div class=\"bt_bb_port\"><div class=\"bt_bb_cell\"><div class=\"bt_bb_cell_inner\"><div class=\"bt_bb_row \"  data-bt-override-class=\"{}\"><div class=\"bt_bb_row_holder\" ><div  class=\"bt_bb_column col-xxl-12 col-xl-12 bt_bb_vertical_align_top bt_bb_align_left bt_bb_padding_normal\"  data-width=\"12\" data-bt-override-class=\"{}\"><div class=\"bt_bb_column_content\"><div class=\"bt_bb_separator bt_bb_border_style_none bt_bb_top_spacing_large\" data-bt-override-class=\"null\"><\/div><\/div><\/div><\/div><\/div><\/div><!-- cell_inner --><\/div><!-- cell --><\/div><!-- port --><\/section><section id=\"bt_bb_section69de28bc42132\" class=\"bt_bb_section bt_bb_layout_boxed_1200\"  data-bt-override-class=\"null\"><div class=\"bt_bb_port\"><div class=\"bt_bb_cell\"><div class=\"bt_bb_cell_inner\"><div class=\"bt_bb_row \"  data-bt-override-class=\"{}\"><div class=\"bt_bb_row_holder\" ><div  class=\"bt_bb_column col-xxl-6 col-xl-6 bt_bb_vertical_align_middle bt_bb_align_left bt_bb_padding_normal bt_bb_animation_fade_in animate\"  data-width=\"6\" data-bt-override-class=\"{}\"><div class=\"bt_bb_column_content\"><header class=\"bt_bb_headline service-text bt_bb_font_weight_normal bt_bb_color_scheme_9 bt_bb_dash_none bt_bb_subheadline bt_bb_size_huge bt_bb_align_inherit bt_bb_dash_type_none service-text\" style=\"; --primary-color:#191919; --secondary-color:#f3a70e;\" data-bt-override-class=\"{}\"><h4 style=\"font-size:1.0 rem\" class=\"bt_bb_headline_tag\"><span class=\"bt_bb_headline_content\"><span><b>Dise\u00f1a tu sonrisa<\/b><\/span><\/span><\/h4><div class=\"bt_bb_headline_subheadline\">Each digital smile design is personalized for each patient according to the functional needs of their mouth and their aesthetic desires.<\/p><br \/>\n<p>Therefore, this technology allows to create a healthy and aesthetic smile that reflects the personality of each patient, improves the experience and the results.<\/p><br \/>\n<p>But in addition to this, it has the following advantages:<\/p><br \/>\n<p>The diagnosis is accurate through an aesthetic and structural evaluation of both the mouth and the facial features.<br \/><br \/>\nCommunication between the dental team and the patient provides greater understanding and leads to better results.<br \/><br \/>\nMake patients co-designers of their own smile.<br \/><br \/>\nIncreases the self-esteem and confidence of patients in themselves as they will be bearers of the smile they want.<\/div><\/header><div class=\"bt_bb_separator bt_bb_border_style_none bt_bb_bottom_spacing_normal\" data-bt-override-class=\"null\"><\/div><\/div><\/div><div  class=\"bt_bb_column col-xxl-6 col-xl-6 bt_bb_vertical_align_middle bt_bb_align_right bt_bb_padding_normal bt_bb_animation_fade_in move_right animate\"  data-width=\"6\" data-bt-override-class=\"{}\"><div class=\"bt_bb_column_content\"><div class=\"bt_bb_image bt_bb_shape_square bt_bb_target_self bt_bb_align_inherit bt_bb_hover_style_simple bt_bb_content_display_always bt_bb_content_align_middle\" data-bt-override-class=\"{}\"><span><img decoding=\"async\" width=\"1200\" height=\"803\" src=\"https:\/\/aitziberyaguecortazar.com\/wp-content\/uploads\/2021\/01\/pixlr-bg-result-17.png\" class=\"attachment-full size-full\" alt=\"https:\/\/aitziberyaguecortazar.com\/wp-content\/uploads\/2021\/01\/pixlr-bg-result-17.png\" data-full_image_src=\"https:\/\/aitziberyaguecortazar.com\/wp-content\/uploads\/2021\/01\/pixlr-bg-result-17.png\" title=\"pixlr-bg-result (17)\" loading=\"eager\" srcset=\"https:\/\/aitziberyaguecortazar.com\/wp-content\/uploads\/2021\/01\/pixlr-bg-result-17.png 1200w, https:\/\/aitziberyaguecortazar.com\/wp-content\/uploads\/2021\/01\/pixlr-bg-result-17-640x428.png 640w, https:\/\/aitziberyaguecortazar.com\/wp-content\/uploads\/2021\/01\/pixlr-bg-result-17-768x514.png 768w, https:\/\/aitziberyaguecortazar.com\/wp-content\/uploads\/2021\/01\/pixlr-bg-result-17-320x214.png 320w\" sizes=\"(max-width: 1200px) 100vw, 1200px\" \/><\/span><\/div><div class=\"bt_bb_separator bt_bb_border_style_none bt_bb_bottom_spacing_medium\" data-bt-override-class=\"null\"><\/div><\/div><\/div><\/div><\/div><\/div><!-- cell_inner --><\/div><!-- cell --><\/div><!-- port --><\/section><section id=\"bt_bb_section69de28bc426df\" class=\"bt_bb_section bt_bb_layout_boxed_1200\"  data-bt-override-class=\"null\"><div class=\"bt_bb_port\"><div class=\"bt_bb_cell\"><div class=\"bt_bb_cell_inner\"><div class=\"bt_bb_row \"  data-bt-override-class=\"{}\"><div class=\"bt_bb_row_holder\" ><div  class=\"bt_bb_column col-xxl-12 col-xl-12 bt_bb_vertical_align_top bt_bb_align_left bt_bb_padding_normal\"  data-width=\"12\" data-bt-override-class=\"{}\"><div class=\"bt_bb_column_content\"><div class=\"bt_bb_separator bt_bb_border_style_none bt_bb_top_spacing_large\" data-bt-override-class=\"null\"><\/div><\/div><\/div><\/div><\/div><\/div><!-- cell_inner --><\/div><!-- cell --><\/div><!-- port --><\/section><\/p>\n","protected":false},"excerpt":{"rendered":"","protected":false},"author":1,"featured_media":0,"parent":0,"menu_order":0,"comment_status":"closed","ping_status":"closed","template":"","meta":{"footnotes":""},"class_list":["post-2798","page","type-page","status-publish","hentry"],"yoast_head":"<!-- This site is optimized with the Yoast SEO plugin v27.2 - https:\/\/yoast.com\/product\/yoast-seo-wordpress\/ -->\n<title>Design digital smile - Aitziber Yag\u00fce Cort\u00e1zar<\/title>\n<meta name=\"robots\" content=\"index, follow, max-snippet:-1, max-image-preview:large, max-video-preview:-1\" \/>\n<link rel=\"canonical\" href=\"https:\/\/aitziberyaguecortazar.com\/en\/diseno-sonrisa-digital\/\" \/>\n<meta property=\"og:locale\" content=\"en_US\" \/>\n<meta property=\"og:type\" content=\"article\" \/>\n<meta property=\"og:title\" content=\"Design digital smile - Aitziber Yag\u00fce Cort\u00e1zar\" \/>\n<meta property=\"og:url\" content=\"https:\/\/aitziberyaguecortazar.com\/en\/diseno-sonrisa-digital\/\" \/>\n<meta property=\"og:site_name\" content=\"Aitziber Yag\u00fce Cort\u00e1zar\" \/>\n<meta property=\"article:publisher\" content=\"https:\/\/www.facebook.com\/aitziberyaguecortazar\" \/>\n<meta property=\"article:modified_time\" content=\"2021-02-05T08:49:15+00:00\" \/>\n<meta property=\"og:image\" content=\"https:\/\/aitziberyaguecortazar.com\/wp-content\/uploads\/2023\/05\/aitziber-yague-cortazar-logo-1.jpg\" \/>\n\t<meta property=\"og:image:width\" content=\"1200\" \/>\n\t<meta property=\"og:image:height\" content=\"675\" \/>\n\t<meta property=\"og:image:type\" content=\"image\/jpeg\" \/>\n<meta name=\"twitter:card\" content=\"summary_large_image\" \/>\n<meta name=\"twitter:label1\" content=\"Est. reading time\" \/>\n\t<meta name=\"twitter:data1\" content=\"5 minutes\" \/>\n<script type=\"application\/ld+json\" class=\"yoast-schema-graph\">{\"@context\":\"https:\/\/schema.org\",\"@graph\":[{\"@type\":\"WebPage\",\"@id\":\"https:\/\/aitziberyaguecortazar.com\/en\/diseno-sonrisa-digital\/\",\"url\":\"https:\/\/aitziberyaguecortazar.com\/en\/diseno-sonrisa-digital\/\",\"name\":\"Design digital smile - Aitziber Yag\u00fce Cort\u00e1zar\",\"isPartOf\":{\"@id\":\"https:\/\/aitziberyaguecortazar.com\/#website\"},\"datePublished\":\"2021-01-28T09:29:37+00:00\",\"dateModified\":\"2021-02-05T08:49:15+00:00\",\"breadcrumb\":{\"@id\":\"https:\/\/aitziberyaguecortazar.com\/en\/diseno-sonrisa-digital\/#breadcrumb\"},\"inLanguage\":\"en-US\",\"potentialAction\":[{\"@type\":\"ReadAction\",\"target\":[\"https:\/\/aitziberyaguecortazar.com\/en\/diseno-sonrisa-digital\/\"]}]},{\"@type\":\"BreadcrumbList\",\"@id\":\"https:\/\/aitziberyaguecortazar.com\/en\/diseno-sonrisa-digital\/#breadcrumb\",\"itemListElement\":[{\"@type\":\"ListItem\",\"position\":1,\"name\":\"Portada\",\"item\":\"https:\/\/aitziberyaguecortazar.com\/en\/\"},{\"@type\":\"ListItem\",\"position\":2,\"name\":\"Design digital smile\"}]},{\"@type\":\"WebSite\",\"@id\":\"https:\/\/aitziberyaguecortazar.com\/#website\",\"url\":\"https:\/\/aitziberyaguecortazar.com\/\",\"name\":\"Aitziber Yag\u00fce Cort\u00e1zar\",\"description\":\"Cl\u00ednica dental y maxilofacial.\",\"publisher\":{\"@id\":\"https:\/\/aitziberyaguecortazar.com\/#organization\"},\"potentialAction\":[{\"@type\":\"SearchAction\",\"target\":{\"@type\":\"EntryPoint\",\"urlTemplate\":\"https:\/\/aitziberyaguecortazar.com\/?s={search_term_string}\"},\"query-input\":{\"@type\":\"PropertyValueSpecification\",\"valueRequired\":true,\"valueName\":\"search_term_string\"}}],\"inLanguage\":\"en-US\"},{\"@type\":\"Organization\",\"@id\":\"https:\/\/aitziberyaguecortazar.com\/#organization\",\"name\":\"Aitziber Yag\u00fce Cortazar\",\"url\":\"https:\/\/aitziberyaguecortazar.com\/\",\"logo\":{\"@type\":\"ImageObject\",\"inLanguage\":\"en-US\",\"@id\":\"https:\/\/aitziberyaguecortazar.com\/#\/schema\/logo\/image\/\",\"url\":\"https:\/\/aitziberyaguecortazar.com\/wp-content\/uploads\/2023\/05\/aitziber-yague-cortazar-logo.png\",\"contentUrl\":\"https:\/\/aitziberyaguecortazar.com\/wp-content\/uploads\/2023\/05\/aitziber-yague-cortazar-logo.png\",\"width\":833,\"height\":833,\"caption\":\"Aitziber Yag\u00fce Cortazar\"},\"image\":{\"@id\":\"https:\/\/aitziberyaguecortazar.com\/#\/schema\/logo\/image\/\"},\"sameAs\":[\"https:\/\/www.facebook.com\/aitziberyaguecortazar\"]}]}<\/script>\n<!-- \/ Yoast SEO plugin. -->","yoast_head_json":{"title":"Design digital smile - Aitziber Yag\u00fce Cort\u00e1zar","robots":{"index":"index","follow":"follow","max-snippet":"max-snippet:-1","max-image-preview":"max-image-preview:large","max-video-preview":"max-video-preview:-1"},"canonical":"https:\/\/aitziberyaguecortazar.com\/en\/diseno-sonrisa-digital\/","og_locale":"en_US","og_type":"article","og_title":"Design digital smile - Aitziber Yag\u00fce Cort\u00e1zar","og_url":"https:\/\/aitziberyaguecortazar.com\/en\/diseno-sonrisa-digital\/","og_site_name":"Aitziber Yag\u00fce Cort\u00e1zar","article_publisher":"https:\/\/www.facebook.com\/aitziberyaguecortazar","article_modified_time":"2021-02-05T08:49:15+00:00","og_image":[{"width":1200,"height":675,"url":"https:\/\/aitziberyaguecortazar.com\/wp-content\/uploads\/2023\/05\/aitziber-yague-cortazar-logo-1.jpg","type":"image\/jpeg"}],"twitter_card":"summary_large_image","twitter_misc":{"Est. reading time":"5 minutes"},"schema":{"@context":"https:\/\/schema.org","@graph":[{"@type":"WebPage","@id":"https:\/\/aitziberyaguecortazar.com\/en\/diseno-sonrisa-digital\/","url":"https:\/\/aitziberyaguecortazar.com\/en\/diseno-sonrisa-digital\/","name":"Design digital smile - Aitziber Yag\u00fce Cort\u00e1zar","isPartOf":{"@id":"https:\/\/aitziberyaguecortazar.com\/#website"},"datePublished":"2021-01-28T09:29:37+00:00","dateModified":"2021-02-05T08:49:15+00:00","breadcrumb":{"@id":"https:\/\/aitziberyaguecortazar.com\/en\/diseno-sonrisa-digital\/#breadcrumb"},"inLanguage":"en-US","potentialAction":[{"@type":"ReadAction","target":["https:\/\/aitziberyaguecortazar.com\/en\/diseno-sonrisa-digital\/"]}]},{"@type":"BreadcrumbList","@id":"https:\/\/aitziberyaguecortazar.com\/en\/diseno-sonrisa-digital\/#breadcrumb","itemListElement":[{"@type":"ListItem","position":1,"name":"Portada","item":"https:\/\/aitziberyaguecortazar.com\/en\/"},{"@type":"ListItem","position":2,"name":"Design digital smile"}]},{"@type":"WebSite","@id":"https:\/\/aitziberyaguecortazar.com\/#website","url":"https:\/\/aitziberyaguecortazar.com\/","name":"Aitziber Yag\u00fce Cort\u00e1zar","description":"Cl\u00ednica dental y maxilofacial.","publisher":{"@id":"https:\/\/aitziberyaguecortazar.com\/#organization"},"potentialAction":[{"@type":"SearchAction","target":{"@type":"EntryPoint","urlTemplate":"https:\/\/aitziberyaguecortazar.com\/?s={search_term_string}"},"query-input":{"@type":"PropertyValueSpecification","valueRequired":true,"valueName":"search_term_string"}}],"inLanguage":"en-US"},{"@type":"Organization","@id":"https:\/\/aitziberyaguecortazar.com\/#organization","name":"Aitziber Yag\u00fce Cortazar","url":"https:\/\/aitziberyaguecortazar.com\/","logo":{"@type":"ImageObject","inLanguage":"en-US","@id":"https:\/\/aitziberyaguecortazar.com\/#\/schema\/logo\/image\/","url":"https:\/\/aitziberyaguecortazar.com\/wp-content\/uploads\/2023\/05\/aitziber-yague-cortazar-logo.png","contentUrl":"https:\/\/aitziberyaguecortazar.com\/wp-content\/uploads\/2023\/05\/aitziber-yague-cortazar-logo.png","width":833,"height":833,"caption":"Aitziber Yag\u00fce Cortazar"},"image":{"@id":"https:\/\/aitziberyaguecortazar.com\/#\/schema\/logo\/image\/"},"sameAs":["https:\/\/www.facebook.com\/aitziberyaguecortazar"]}]}},"_links":{"self":[{"href":"https:\/\/aitziberyaguecortazar.com\/en\/wp-json\/wp\/v2\/pages\/2798","targetHints":{"allow":["GET"]}}],"collection":[{"href":"https:\/\/aitziberyaguecortazar.com\/en\/wp-json\/wp\/v2\/pages"}],"about":[{"href":"https:\/\/aitziberyaguecortazar.com\/en\/wp-json\/wp\/v2\/types\/page"}],"author":[{"embeddable":true,"href":"https:\/\/aitziberyaguecortazar.com\/en\/wp-json\/wp\/v2\/users\/1"}],"replies":[{"embeddable":true,"href":"https:\/\/aitziberyaguecortazar.com\/en\/wp-json\/wp\/v2\/comments?post=2798"}],"version-history":[{"count":4,"href":"https:\/\/aitziberyaguecortazar.com\/en\/wp-json\/wp\/v2\/pages\/2798\/revisions"}],"predecessor-version":[{"id":3156,"href":"https:\/\/aitziberyaguecortazar.com\/en\/wp-json\/wp\/v2\/pages\/2798\/revisions\/3156"}],"wp:attachment":[{"href":"https:\/\/aitziberyaguecortazar.com\/en\/wp-json\/wp\/v2\/media?parent=2798"}],"curies":[{"name":"wp","href":"https:\/\/api.w.org\/{rel}","templated":true}]}}