{"id":2801,"date":"2021-01-28T09:25:00","date_gmt":"2021-01-28T09:25:00","guid":{"rendered":"http:\/\/clinica.codesian.com\/blanqueamiento\/"},"modified":"2021-02-05T08:47:20","modified_gmt":"2021-02-05T08:47:20","slug":"blanqueamiento","status":"publish","type":"page","link":"https:\/\/aitziberyaguecortazar.com\/en\/blanqueamiento\/","title":{"rendered":"Whitening"},"content":{"rendered":"<p><section id=\"bt_bb_section69d4f221943ee\" class=\"bt_bb_section bt_bb_color_scheme_6 bt_bb_layout_boxed_1200 bt_bb_vertical_align_top bt_bb_bottom_section_coverage_image bt_bb_section_with_bottom_coverage_image bt_bb_top_spacing_medium btCustomHeadlineSection\" style=\"; --section-primary-color:#ffffff; --section-secondary-color:#3b779a;\" data-bt-override-class=\"null\"><div class=\"bt_bb_background_image_holder_wrapper\"><div class=\"bt_bb_background_image_holder btLazyLoadBackground bt_bb_parallax\"  data-background_image_src=\"https:\/\/aitziberyaguecortazar.com\/wp-content\/uploads\/2020\/05\/bgn-blurb-1.png\" data-parallax=\"0.6\" data-parallax-offset=\"0\" data-parallax-zoom-start=\"1\" data-parallax-zoom-end=\"1\" data-parallax-blur-start=\"0\" data-parallax-blur-end=\"0\" data-parallax-opacity-start=\"1\" data-parallax-opacity-end=\"1\" style=\" background-image: url(&#039;https:\/\/aitziberyaguecortazar.com\/wp-content\/plugins\/bold-page-builder\/img\/blank.gif&#039;);\"><\/div><\/div><div class=\"bt_bb_port\"><div class=\"bt_bb_cell\"><div class=\"bt_bb_cell_inner\"><div class=\"bt_bb_row \"  data-bt-override-class=\"{}\"><div class=\"bt_bb_row_holder\" ><div  class=\"bt_bb_column col-xxl-6 col-xl-6 bt_bb_vertical_align_bottom bt_bb_align_left bt_bb_padding_normal\"  data-width=\"6\" data-bt-override-class=\"{}\"><div class=\"bt_bb_column_content\"><div class=\"bt_bb_separator bt_bb_border_style_none bt_bb_bottom_spacing_large\" data-bt-override-class=\"null\"><\/div><header class=\"bt_bb_headline bt_bb_font_weight_bold bt_bb_dash_none bt_bb_subheadline bt_bb_size_huge bt_bb_align_inherit bt_bb_dash_type_none\" data-bt-override-class=\"{}\"><h1 class=\"bt_bb_headline_tag\"><span class=\"bt_bb_headline_content\"><span><em><s>Whitening<\/s><\/em><\/span><\/span><\/h1><div class=\"bt_bb_headline_subheadline\">Teeth whitening is part of all aesthetic planning of the smile, either as an individual treatment or prior to other direct or indirect restorative treatments.<\/div><\/header><div class=\"bt_bb_separator bt_bb_border_style_none bt_bb_bottom_spacing_large\" data-bt-override-class=\"null\"><\/div><\/div><\/div><div  class=\"bt_bb_column col-xxl-6 col-xl-6 bt_bb_vertical_align_bottom bt_bb_align_center bt_bb_padding_normal bt_bb_animation_fade_in move_up animate\" style=\"position: relative;\" data-width=\"6\" data-bt-override-class=\"{}\"><div class=\"bt_bb_column_content\"><div class=\"bt_bb_floating_image bt_bb_floating_image_horizontal_position_center bt_bb_floating_image_vertical_position_bottom bt_bb_floating_image_animation_delay_default bt_bb_floating_image_animation_duration_default bt_bb_floating_image_animation_style_ease_out\" style=\"max-width: 520px;\" data-speed=\"1.0\"><div class=\"bt_bb_floating_image_image\" data-speed=\"1.0\"><div class=\"bt_bb_image\" data-bt-override-class=\"{}\"><span><img fetchpriority=\"high\" decoding=\"async\" width=\"931\" height=\"942\" src=\"https:\/\/aitziberyaguecortazar.com\/wp-content\/uploads\/2020\/04\/floater-1.png\" class=\"attachment-full size-full\" alt=\"Cl\u00ednica Dental y Maxilofacial Aitziber Yag\u00fce Cort\u00e1zar Soria\" data-full_image_src=\"https:\/\/aitziberyaguecortazar.com\/wp-content\/uploads\/2020\/04\/floater-1.png\" title=\"Cl\u00ednica Dental y Maxilofacial Aitziber Yag\u00fce Cort\u00e1zar Soria\" loading=\"eager\" srcset=\"https:\/\/aitziberyaguecortazar.com\/wp-content\/uploads\/2020\/04\/floater-1.png 931w, https:\/\/aitziberyaguecortazar.com\/wp-content\/uploads\/2020\/04\/floater-1-640x648.png 640w, https:\/\/aitziberyaguecortazar.com\/wp-content\/uploads\/2020\/04\/floater-1-768x777.png 768w, https:\/\/aitziberyaguecortazar.com\/wp-content\/uploads\/2020\/04\/floater-1-320x324.png 320w\" sizes=\"(max-width: 931px) 100vw, 931px\" \/><\/span><\/div><\/div><\/div><\/div><\/div><\/div><\/div><\/div><!-- cell_inner --><\/div><!-- cell --><\/div><!-- port --><div class=\"bt_bb_section_bottom_section_coverage_image\"><img decoding=\"async\" src=\"https:\/\/aitziberyaguecortazar.com\/wp-content\/uploads\/2020\/01\/bottom-cover-2.png\" alt=\"bt_bb_section_bottom_section_coverage_image\" \/><\/div><\/section><section id=\"bt_bb_section69d4f22194a11\" class=\"bt_bb_section bt_bb_layout_boxed_1200\"  data-bt-override-class=\"null\"><div class=\"bt_bb_port\"><div class=\"bt_bb_cell\"><div class=\"bt_bb_cell_inner\"><div class=\"bt_bb_row \"  data-bt-override-class=\"{}\"><div class=\"bt_bb_row_holder\" ><div  class=\"bt_bb_column col-xxl-12 col-xl-12 bt_bb_vertical_align_top bt_bb_align_left bt_bb_padding_normal\"  data-width=\"12\" data-bt-override-class=\"{}\"><div class=\"bt_bb_column_content\"><div class=\"bt_bb_separator bt_bb_border_style_none bt_bb_top_spacing_large\" data-bt-override-class=\"null\"><\/div><\/div><\/div><\/div><\/div><\/div><!-- cell_inner --><\/div><!-- cell --><\/div><!-- port --><\/section><section id=\"bt_bb_section69d4f22194b0f\" class=\"bt_bb_section bt_bb_layout_boxed_1200\"  data-bt-override-class=\"null\"><div class=\"bt_bb_port\"><div class=\"bt_bb_cell\"><div class=\"bt_bb_cell_inner\"><div class=\"bt_bb_row \"  data-bt-override-class=\"{}\"><div class=\"bt_bb_row_holder\" ><div  class=\"bt_bb_column col-xxl-6 col-xl-6 bt_bb_vertical_align_middle bt_bb_align_left bt_bb_padding_normal bt_bb_animation_fade_in animate\"  data-width=\"6\" data-bt-override-class=\"{}\"><div class=\"bt_bb_column_content\"><header class=\"bt_bb_headline service-text bt_bb_font_weight_normal bt_bb_color_scheme_9 bt_bb_dash_none bt_bb_subheadline bt_bb_size_huge bt_bb_align_inherit bt_bb_dash_type_none service-text\" style=\"; --primary-color:#191919; --secondary-color:#f3a70e;\" data-bt-override-class=\"{}\"><h4 style=\"font-size:1.0 rem\" class=\"bt_bb_headline_tag\"><span class=\"bt_bb_headline_content\"><span><b> Security in the treatment <\/b><\/span><\/span><\/h4><div class=\"bt_bb_headline_subheadline\">Today it is a non-invasive procedure that presents sufficient scientific evidence for a safe clinical application.<br \/><br \/>\nWe perform our combined treatments in the clinic with the exclusive Philips lamp and at home, so that we control whitening in a more personalized way, being less aggressive and more biological.<\/div><\/header><div class=\"bt_bb_separator bt_bb_border_style_none bt_bb_bottom_spacing_normal\" data-bt-override-class=\"null\"><\/div><\/div><\/div><div  class=\"bt_bb_column col-xxl-6 col-xl-6 bt_bb_vertical_align_bottom bt_bb_align_right bt_bb_padding_normal bt_bb_animation_fade_in move_right animate\"  data-width=\"6\" data-bt-override-class=\"{}\"><div class=\"bt_bb_column_content\"><div class=\"bt_bb_before_after_image bt_bb_before_after_image_with_coverage_image\"><div class=\"bt_bb_coverage_image\"><img decoding=\"async\" src=\"https:\/\/aitziberyaguecortazar.com\/wp-content\/uploads\/2020\/01\/before-after-cover.png\" alt=\"bt_bb_before_after_image_coverage_image\" \/><\/div><div class=\"bt_bb_before_after_image_title bt_bb_before_after_image-container twentytwenty-container\" id=\"container1\"><img decoding=\"async\" src=\"https:\/\/aitziberyaguecortazar.com\/wp-content\/uploads\/2020\/01\/teeth-after.jpg\" alt=\"\" \/><img decoding=\"async\" src=\"https:\/\/aitziberyaguecortazar.com\/wp-content\/uploads\/2020\/01\/teeth-before.jpg\" alt=\"\" \/><\/div><\/div><div class=\"bt_bb_separator bt_bb_border_style_none bt_bb_bottom_spacing_medium\" data-bt-override-class=\"null\"><\/div><\/div><\/div><\/div><\/div><\/div><!-- cell_inner --><\/div><!-- cell --><\/div><!-- port --><\/section><section id=\"bt_bb_section69d4f2219527e\" class=\"bt_bb_section bt_bb_layout_boxed_1200\"  data-bt-override-class=\"null\"><div class=\"bt_bb_port\"><div class=\"bt_bb_cell\"><div class=\"bt_bb_cell_inner\"><div class=\"bt_bb_row \"  data-bt-override-class=\"{}\"><div class=\"bt_bb_row_holder\" ><div  class=\"bt_bb_column col-xxl-12 col-xl-12 bt_bb_vertical_align_top bt_bb_align_left bt_bb_padding_normal\"  data-width=\"12\" data-bt-override-class=\"{}\"><div class=\"bt_bb_column_content\"><div class=\"bt_bb_separator bt_bb_border_style_none bt_bb_top_spacing_large\" data-bt-override-class=\"null\"><\/div><\/div><\/div><\/div><\/div><\/div><!-- cell_inner --><\/div><!-- cell --><\/div><!-- port --><\/section><\/p>\n","protected":false},"excerpt":{"rendered":"","protected":false},"author":1,"featured_media":0,"parent":0,"menu_order":0,"comment_status":"closed","ping_status":"closed","template":"","meta":{"footnotes":""},"class_list":["post-2801","page","type-page","status-publish","hentry"],"yoast_head":"<!-- This site is optimized with the Yoast SEO plugin v27.2 - https:\/\/yoast.com\/product\/yoast-seo-wordpress\/ -->\n<title>Whitening - Aitziber Yag\u00fce Cort\u00e1zar<\/title>\n<meta name=\"robots\" content=\"index, follow, max-snippet:-1, max-image-preview:large, max-video-preview:-1\" \/>\n<link rel=\"canonical\" href=\"https:\/\/aitziberyaguecortazar.com\/en\/blanqueamiento\/\" \/>\n<meta property=\"og:locale\" content=\"en_US\" \/>\n<meta property=\"og:type\" content=\"article\" \/>\n<meta property=\"og:title\" content=\"Whitening - Aitziber Yag\u00fce Cort\u00e1zar\" \/>\n<meta property=\"og:url\" content=\"https:\/\/aitziberyaguecortazar.com\/en\/blanqueamiento\/\" \/>\n<meta property=\"og:site_name\" content=\"Aitziber Yag\u00fce Cort\u00e1zar\" \/>\n<meta property=\"article:publisher\" content=\"https:\/\/www.facebook.com\/aitziberyaguecortazar\" \/>\n<meta property=\"article:modified_time\" content=\"2021-02-05T08:47:20+00:00\" \/>\n<meta property=\"og:image\" content=\"https:\/\/aitziberyaguecortazar.com\/wp-content\/uploads\/2023\/05\/aitziber-yague-cortazar-logo-1.jpg\" \/>\n\t<meta property=\"og:image:width\" content=\"1200\" \/>\n\t<meta property=\"og:image:height\" content=\"675\" \/>\n\t<meta property=\"og:image:type\" content=\"image\/jpeg\" \/>\n<meta name=\"twitter:card\" content=\"summary_large_image\" \/>\n<meta name=\"twitter:label1\" content=\"Est. reading time\" \/>\n\t<meta name=\"twitter:data1\" content=\"5 minutes\" \/>\n<script type=\"application\/ld+json\" class=\"yoast-schema-graph\">{\"@context\":\"https:\/\/schema.org\",\"@graph\":[{\"@type\":\"WebPage\",\"@id\":\"https:\/\/aitziberyaguecortazar.com\/en\/blanqueamiento\/\",\"url\":\"https:\/\/aitziberyaguecortazar.com\/en\/blanqueamiento\/\",\"name\":\"Whitening - Aitziber Yag\u00fce Cort\u00e1zar\",\"isPartOf\":{\"@id\":\"https:\/\/aitziberyaguecortazar.com\/#website\"},\"datePublished\":\"2021-01-28T09:25:00+00:00\",\"dateModified\":\"2021-02-05T08:47:20+00:00\",\"breadcrumb\":{\"@id\":\"https:\/\/aitziberyaguecortazar.com\/en\/blanqueamiento\/#breadcrumb\"},\"inLanguage\":\"en-US\",\"potentialAction\":[{\"@type\":\"ReadAction\",\"target\":[\"https:\/\/aitziberyaguecortazar.com\/en\/blanqueamiento\/\"]}]},{\"@type\":\"BreadcrumbList\",\"@id\":\"https:\/\/aitziberyaguecortazar.com\/en\/blanqueamiento\/#breadcrumb\",\"itemListElement\":[{\"@type\":\"ListItem\",\"position\":1,\"name\":\"Portada\",\"item\":\"https:\/\/aitziberyaguecortazar.com\/en\/\"},{\"@type\":\"ListItem\",\"position\":2,\"name\":\"Whitening\"}]},{\"@type\":\"WebSite\",\"@id\":\"https:\/\/aitziberyaguecortazar.com\/#website\",\"url\":\"https:\/\/aitziberyaguecortazar.com\/\",\"name\":\"Aitziber Yag\u00fce Cort\u00e1zar\",\"description\":\"Cl\u00ednica dental y maxilofacial.\",\"publisher\":{\"@id\":\"https:\/\/aitziberyaguecortazar.com\/#organization\"},\"potentialAction\":[{\"@type\":\"SearchAction\",\"target\":{\"@type\":\"EntryPoint\",\"urlTemplate\":\"https:\/\/aitziberyaguecortazar.com\/?s={search_term_string}\"},\"query-input\":{\"@type\":\"PropertyValueSpecification\",\"valueRequired\":true,\"valueName\":\"search_term_string\"}}],\"inLanguage\":\"en-US\"},{\"@type\":\"Organization\",\"@id\":\"https:\/\/aitziberyaguecortazar.com\/#organization\",\"name\":\"Aitziber Yag\u00fce Cortazar\",\"url\":\"https:\/\/aitziberyaguecortazar.com\/\",\"logo\":{\"@type\":\"ImageObject\",\"inLanguage\":\"en-US\",\"@id\":\"https:\/\/aitziberyaguecortazar.com\/#\/schema\/logo\/image\/\",\"url\":\"https:\/\/aitziberyaguecortazar.com\/wp-content\/uploads\/2023\/05\/aitziber-yague-cortazar-logo.png\",\"contentUrl\":\"https:\/\/aitziberyaguecortazar.com\/wp-content\/uploads\/2023\/05\/aitziber-yague-cortazar-logo.png\",\"width\":833,\"height\":833,\"caption\":\"Aitziber Yag\u00fce Cortazar\"},\"image\":{\"@id\":\"https:\/\/aitziberyaguecortazar.com\/#\/schema\/logo\/image\/\"},\"sameAs\":[\"https:\/\/www.facebook.com\/aitziberyaguecortazar\"]}]}<\/script>\n<!-- \/ Yoast SEO plugin. -->","yoast_head_json":{"title":"Whitening - Aitziber Yag\u00fce Cort\u00e1zar","robots":{"index":"index","follow":"follow","max-snippet":"max-snippet:-1","max-image-preview":"max-image-preview:large","max-video-preview":"max-video-preview:-1"},"canonical":"https:\/\/aitziberyaguecortazar.com\/en\/blanqueamiento\/","og_locale":"en_US","og_type":"article","og_title":"Whitening - Aitziber Yag\u00fce Cort\u00e1zar","og_url":"https:\/\/aitziberyaguecortazar.com\/en\/blanqueamiento\/","og_site_name":"Aitziber Yag\u00fce Cort\u00e1zar","article_publisher":"https:\/\/www.facebook.com\/aitziberyaguecortazar","article_modified_time":"2021-02-05T08:47:20+00:00","og_image":[{"width":1200,"height":675,"url":"https:\/\/aitziberyaguecortazar.com\/wp-content\/uploads\/2023\/05\/aitziber-yague-cortazar-logo-1.jpg","type":"image\/jpeg"}],"twitter_card":"summary_large_image","twitter_misc":{"Est. reading time":"5 minutes"},"schema":{"@context":"https:\/\/schema.org","@graph":[{"@type":"WebPage","@id":"https:\/\/aitziberyaguecortazar.com\/en\/blanqueamiento\/","url":"https:\/\/aitziberyaguecortazar.com\/en\/blanqueamiento\/","name":"Whitening - Aitziber Yag\u00fce Cort\u00e1zar","isPartOf":{"@id":"https:\/\/aitziberyaguecortazar.com\/#website"},"datePublished":"2021-01-28T09:25:00+00:00","dateModified":"2021-02-05T08:47:20+00:00","breadcrumb":{"@id":"https:\/\/aitziberyaguecortazar.com\/en\/blanqueamiento\/#breadcrumb"},"inLanguage":"en-US","potentialAction":[{"@type":"ReadAction","target":["https:\/\/aitziberyaguecortazar.com\/en\/blanqueamiento\/"]}]},{"@type":"BreadcrumbList","@id":"https:\/\/aitziberyaguecortazar.com\/en\/blanqueamiento\/#breadcrumb","itemListElement":[{"@type":"ListItem","position":1,"name":"Portada","item":"https:\/\/aitziberyaguecortazar.com\/en\/"},{"@type":"ListItem","position":2,"name":"Whitening"}]},{"@type":"WebSite","@id":"https:\/\/aitziberyaguecortazar.com\/#website","url":"https:\/\/aitziberyaguecortazar.com\/","name":"Aitziber Yag\u00fce Cort\u00e1zar","description":"Cl\u00ednica dental y maxilofacial.","publisher":{"@id":"https:\/\/aitziberyaguecortazar.com\/#organization"},"potentialAction":[{"@type":"SearchAction","target":{"@type":"EntryPoint","urlTemplate":"https:\/\/aitziberyaguecortazar.com\/?s={search_term_string}"},"query-input":{"@type":"PropertyValueSpecification","valueRequired":true,"valueName":"search_term_string"}}],"inLanguage":"en-US"},{"@type":"Organization","@id":"https:\/\/aitziberyaguecortazar.com\/#organization","name":"Aitziber Yag\u00fce Cortazar","url":"https:\/\/aitziberyaguecortazar.com\/","logo":{"@type":"ImageObject","inLanguage":"en-US","@id":"https:\/\/aitziberyaguecortazar.com\/#\/schema\/logo\/image\/","url":"https:\/\/aitziberyaguecortazar.com\/wp-content\/uploads\/2023\/05\/aitziber-yague-cortazar-logo.png","contentUrl":"https:\/\/aitziberyaguecortazar.com\/wp-content\/uploads\/2023\/05\/aitziber-yague-cortazar-logo.png","width":833,"height":833,"caption":"Aitziber Yag\u00fce Cortazar"},"image":{"@id":"https:\/\/aitziberyaguecortazar.com\/#\/schema\/logo\/image\/"},"sameAs":["https:\/\/www.facebook.com\/aitziberyaguecortazar"]}]}},"_links":{"self":[{"href":"https:\/\/aitziberyaguecortazar.com\/en\/wp-json\/wp\/v2\/pages\/2801","targetHints":{"allow":["GET"]}}],"collection":[{"href":"https:\/\/aitziberyaguecortazar.com\/en\/wp-json\/wp\/v2\/pages"}],"about":[{"href":"https:\/\/aitziberyaguecortazar.com\/en\/wp-json\/wp\/v2\/types\/page"}],"author":[{"embeddable":true,"href":"https:\/\/aitziberyaguecortazar.com\/en\/wp-json\/wp\/v2\/users\/1"}],"replies":[{"embeddable":true,"href":"https:\/\/aitziberyaguecortazar.com\/en\/wp-json\/wp\/v2\/comments?post=2801"}],"version-history":[{"count":3,"href":"https:\/\/aitziberyaguecortazar.com\/en\/wp-json\/wp\/v2\/pages\/2801\/revisions"}],"predecessor-version":[{"id":3154,"href":"https:\/\/aitziberyaguecortazar.com\/en\/wp-json\/wp\/v2\/pages\/2801\/revisions\/3154"}],"wp:attachment":[{"href":"https:\/\/aitziberyaguecortazar.com\/en\/wp-json\/wp\/v2\/media?parent=2801"}],"curies":[{"name":"wp","href":"https:\/\/api.w.org\/{rel}","templated":true}]}}