{"id":2819,"date":"2021-01-28T12:06:08","date_gmt":"2021-01-28T12:06:08","guid":{"rendered":"http:\/\/clinica.codesian.com\/?page_id=2819"},"modified":"2021-02-04T13:38:59","modified_gmt":"2021-02-04T13:38:59","slug":"implantes-dentales-2","status":"publish","type":"page","link":"https:\/\/aitziberyaguecortazar.com\/en\/implantes-dentales-2\/","title":{"rendered":"Implantes dentales"},"content":{"rendered":"<p><section id=\"bt_bb_section69ef341813b47\" class=\"bt_bb_section bt_bb_color_scheme_6 bt_bb_layout_boxed_1200 bt_bb_vertical_align_top bt_bb_bottom_section_coverage_image bt_bb_section_with_bottom_coverage_image bt_bb_top_spacing_medium btCustomHeadlineSection\" style=\"; --section-primary-color:#ffffff; --section-secondary-color:#3b779a;\" data-bt-override-class=\"null\"><div class=\"bt_bb_background_image_holder_wrapper\"><div class=\"bt_bb_background_image_holder btLazyLoadBackground bt_bb_parallax\"  data-background_image_src=\"https:\/\/aitziberyaguecortazar.com\/wp-content\/uploads\/2020\/05\/bgn-blurb-1.png\" data-parallax=\"0.6\" data-parallax-offset=\"0\" data-parallax-zoom-start=\"1\" data-parallax-zoom-end=\"1\" data-parallax-blur-start=\"0\" data-parallax-blur-end=\"0\" data-parallax-opacity-start=\"1\" data-parallax-opacity-end=\"1\" style=\" background-image: url(&#039;https:\/\/aitziberyaguecortazar.com\/wp-content\/plugins\/bold-page-builder\/img\/blank.gif&#039;);\"><\/div><\/div><div class=\"bt_bb_port\"><div class=\"bt_bb_cell\"><div class=\"bt_bb_cell_inner\"><div class=\"bt_bb_row \"  data-bt-override-class=\"{}\"><div class=\"bt_bb_row_holder\" ><div  class=\"bt_bb_column col-xxl-6 col-xl-6 bt_bb_vertical_align_bottom bt_bb_align_left bt_bb_padding_normal\"  data-width=\"6\" data-bt-override-class=\"{}\"><div class=\"bt_bb_column_content\"><div class=\"bt_bb_separator bt_bb_border_style_none bt_bb_bottom_spacing_medium\" data-bt-override-class=\"null\"><\/div><header class=\"bt_bb_headline bt_bb_font_weight_bold bt_bb_dash_none bt_bb_subheadline bt_bb_size_huge bt_bb_align_inherit bt_bb_dash_type_none\" data-bt-override-class=\"{}\"><h1 class=\"bt_bb_headline_tag\"><span class=\"bt_bb_headline_content\"><span><small>Dental<\/small><br \/><br \/>\n<em><s>Implants<\/s><\/em><\/span><\/span><\/h1><div class=\"bt_bb_headline_subheadline\"><b> Dental implants <\/b> are, in most cases, the best option to replace missing teeth. At Aitziber Yag\u00fce Cort\u00e1zar Dental Clinic, we use the most advanced surgical techniques in <b> dental implantology in Soria <\/b> to guarantee optimal results.<\/p><br \/>\n<p><\/div><\/header><div class=\"bt_bb_separator bt_bb_border_style_none bt_bb_bottom_spacing_large\" data-bt-override-class=\"null\"><\/div><\/div><\/div><div  class=\"bt_bb_column col-xxl-6 col-xl-6 bt_bb_vertical_align_middle bt_bb_align_center bt_bb_padding_normal bt_bb_animation_fade_in move_up animate\" style=\"position: relative;\" data-width=\"6\" data-bt-override-class=\"{}\"><div class=\"bt_bb_column_content\"><div class=\"bt_bb_image bt_bb_shape_square bt_bb_target_self bt_bb_align_right bt_bb_hover_style_simple bt_bb_content_display_always bt_bb_content_align_middle\" style=\"max-width: 560px;\" data-bt-override-class=\"{}\"><span><img fetchpriority=\"high\" decoding=\"async\" width=\"526\" height=\"286\" src=\"https:\/\/aitziberyaguecortazar.com\/wp-content\/uploads\/2021\/02\/pixlr-bg-result-26.png\" class=\"attachment-full size-full\" alt=\"https:\/\/aitziberyaguecortazar.com\/wp-content\/uploads\/2021\/02\/pixlr-bg-result-26.png\" data-full_image_src=\"https:\/\/aitziberyaguecortazar.com\/wp-content\/uploads\/2021\/02\/pixlr-bg-result-26.png\" title=\"pixlr-bg-result (26)\" loading=\"eager\" srcset=\"https:\/\/aitziberyaguecortazar.com\/wp-content\/uploads\/2021\/02\/pixlr-bg-result-26.png 526w, https:\/\/aitziberyaguecortazar.com\/wp-content\/uploads\/2021\/02\/pixlr-bg-result-26-320x174.png 320w\" sizes=\"(max-width: 526px) 100vw, 526px\" \/><\/span><\/div><div class=\"bt_bb_floating_image bt_bb_floating_image_horizontal_position_center bt_bb_floating_image_vertical_position_bottom bt_bb_floating_image_animation_delay_default bt_bb_floating_image_animation_duration_default bt_bb_floating_image_animation_style_ease_out\" style=\"max-width: 520px;\" data-speed=\"1.0\"><div class=\"bt_bb_floating_image_image\" data-speed=\"1.0\"><div class=\"bt_bb_image\" data-bt-override-class=\"{}\"><span><img decoding=\"async\" width=\"931\" height=\"942\" src=\"https:\/\/aitziberyaguecortazar.com\/wp-content\/uploads\/2020\/04\/floater-1.png\" class=\"attachment-full size-full\" alt=\"Cl\u00ednica Dental y Maxilofacial Aitziber Yag\u00fce Cort\u00e1zar Soria\" data-full_image_src=\"https:\/\/aitziberyaguecortazar.com\/wp-content\/uploads\/2020\/04\/floater-1.png\" title=\"Cl\u00ednica Dental y Maxilofacial Aitziber Yag\u00fce Cort\u00e1zar Soria\" loading=\"eager\" srcset=\"https:\/\/aitziberyaguecortazar.com\/wp-content\/uploads\/2020\/04\/floater-1.png 931w, https:\/\/aitziberyaguecortazar.com\/wp-content\/uploads\/2020\/04\/floater-1-640x648.png 640w, https:\/\/aitziberyaguecortazar.com\/wp-content\/uploads\/2020\/04\/floater-1-768x777.png 768w, https:\/\/aitziberyaguecortazar.com\/wp-content\/uploads\/2020\/04\/floater-1-320x324.png 320w\" sizes=\"(max-width: 931px) 100vw, 931px\" \/><\/span><\/div><\/div><\/div><\/div><\/div><\/div><\/div><\/div><!-- cell_inner --><\/div><!-- cell --><\/div><!-- port --><div class=\"bt_bb_section_bottom_section_coverage_image\"><img decoding=\"async\" src=\"https:\/\/aitziberyaguecortazar.com\/wp-content\/uploads\/2020\/01\/bottom-cover-2.png\" alt=\"bt_bb_section_bottom_section_coverage_image\" \/><\/div><\/section><section id=\"bt_bb_section69ef3418147f9\" class=\"bt_bb_section bt_bb_layout_boxed_1200\"  data-bt-override-class=\"null\"><div class=\"bt_bb_port\"><div class=\"bt_bb_cell\"><div class=\"bt_bb_cell_inner\"><div class=\"bt_bb_row \"  data-bt-override-class=\"{}\"><div class=\"bt_bb_row_holder\" ><div  class=\"bt_bb_column col-xxl-12 col-xl-12 bt_bb_vertical_align_top bt_bb_align_left bt_bb_padding_normal\"  data-width=\"12\" data-bt-override-class=\"{}\"><div class=\"bt_bb_column_content\"><div class=\"bt_bb_separator bt_bb_border_style_none bt_bb_top_spacing_large\" data-bt-override-class=\"null\"><\/div><\/div><\/div><\/div><\/div><div class=\"bt_bb_row \"  data-bt-override-class=\"{}\"><div class=\"bt_bb_row_holder\" ><div  class=\"bt_bb_column col-xxl-6 col-xl-6 bt_bb_vertical_align_middle bt_bb_align_left bt_bb_padding_normal bt_bb_animation_fade_in animate\"  data-width=\"6\" data-bt-override-class=\"{}\"><div class=\"bt_bb_column_content\"><header class=\"bt_bb_headline service-text bt_bb_font_weight_normal bt_bb_color_scheme_9 bt_bb_dash_none bt_bb_subheadline bt_bb_size_huge bt_bb_align_inherit bt_bb_dash_type_none service-text\" style=\"; --primary-color:#191919; --secondary-color:#f3a70e;\" data-bt-override-class=\"{}\"><h4 style=\"font-size:1.0 rem\" class=\"bt_bb_headline_tag\"><span class=\"bt_bb_headline_content\"><span><b> Tailored to each patient <\/b><\/span><\/span><\/h4><div class=\"bt_bb_headline_subheadline\">We know that losing teeth is something that affects people on an aesthetic level, but it also reduces the quality of life. For this reason, we consider it highly important to offer our clients an adequate dental implantology treatment that solves this situation without forgetting the need to minimize any type of related discomfort that may derive from it.<\/p><br \/>\n<p>We are specialists in 3D digital guided surgery. This technique allows us to place dental implants in the exact position where we want them, which contributes to increasing the safety of treatment and reducing patient morbidity. In other words, thanks to this technology, we minimize the discomfort that the patient may feel.<\/p><br \/>\n<p>In most cases, this technique allows us to perform interventions with hardly any cuts to the gum. Usually, we are not even faced with the need to give points. All these benefits translate into a most comfortable and painless postoperative for the patient. Especially, compared to classic treatments, in which it is common to spend several days with aches and pains that make it difficult to resume the routine.<\/p><br \/>\n<p>Low bone dental implants<br \/><br \/>\nIn those patients who do not have sufficient bone width and \/ or height for implant placement, we use state-of-the-art techniques of guided bone regeneration to restore their anatomy and power, therefore, perform the intervention without impediments or difficulties that we would find using other antiquated methods .<\/p><br \/>\n<p>At Aitzieber Yag\u00fce Cort\u00e1zar Dental Clinic, we are committed to cutting-edge treatments in <b> dental implants in Soria <\/b> to guarantee the client maximum well-being.<\/div><\/header><div class=\"bt_bb_separator bt_bb_border_style_none bt_bb_bottom_spacing_normal\" data-bt-override-class=\"null\"><\/div><\/div><\/div><div  class=\"bt_bb_column col-xxl-6 col-xl-6 bt_bb_vertical_align_middle bt_bb_align_right bt_bb_padding_normal bt_bb_animation_fade_in move_right animate\"  data-width=\"6\" data-bt-override-class=\"{}\"><div class=\"bt_bb_column_content\"><div class=\"bt_bb_image bt_bb_shape_square bt_bb_target_self bt_bb_align_inherit bt_bb_hover_style_simple bt_bb_content_display_always bt_bb_content_align_middle\" data-bt-override-class=\"{}\"><span><img decoding=\"async\" width=\"263\" height=\"500\" src=\"https:\/\/aitziberyaguecortazar.com\/wp-content\/uploads\/2021\/01\/pixlr-bg-result-10.png\" class=\"attachment-full size-full\" alt=\"https:\/\/aitziberyaguecortazar.com\/wp-content\/uploads\/2021\/01\/pixlr-bg-result-10.png\" data-full_image_src=\"https:\/\/aitziberyaguecortazar.com\/wp-content\/uploads\/2021\/01\/pixlr-bg-result-10.png\" title=\"pixlr-bg-result (10)\" loading=\"eager\" \/><\/span><\/div><div class=\"bt_bb_separator bt_bb_border_style_none bt_bb_bottom_spacing_medium\" data-bt-override-class=\"null\"><\/div><\/div><\/div><\/div><\/div><div class=\"bt_bb_row \"  data-bt-override-class=\"{}\"><div class=\"bt_bb_row_holder\" ><div  class=\"bt_bb_column col-xxl-12 col-xl-12 bt_bb_vertical_align_top bt_bb_align_left bt_bb_padding_normal\"  data-width=\"12\" data-bt-override-class=\"{}\"><div class=\"bt_bb_column_content\"><div class=\"bt_bb_separator bt_bb_border_style_none bt_bb_top_spacing_large\" data-bt-override-class=\"null\"><\/div><\/div><\/div><\/div><\/div><\/div><!-- cell_inner --><\/div><!-- cell --><\/div><!-- port --><\/section><\/p>\n","protected":false},"excerpt":{"rendered":"","protected":false},"author":1,"featured_media":0,"parent":0,"menu_order":0,"comment_status":"closed","ping_status":"closed","template":"","meta":{"footnotes":""},"class_list":["post-2819","page","type-page","status-publish","hentry"],"yoast_head":"<!-- This site is optimized with the Yoast SEO plugin v27.2 - https:\/\/yoast.com\/product\/yoast-seo-wordpress\/ -->\n<title>Implantes dentales - Aitziber Yag\u00fce Cort\u00e1zar<\/title>\n<meta name=\"robots\" content=\"index, follow, max-snippet:-1, max-image-preview:large, max-video-preview:-1\" \/>\n<link rel=\"canonical\" href=\"https:\/\/aitziberyaguecortazar.com\/en\/implantes-dentales-2\/\" \/>\n<meta property=\"og:locale\" content=\"en_US\" \/>\n<meta property=\"og:type\" content=\"article\" \/>\n<meta property=\"og:title\" content=\"Implantes dentales - Aitziber Yag\u00fce Cort\u00e1zar\" \/>\n<meta property=\"og:url\" content=\"https:\/\/aitziberyaguecortazar.com\/en\/implantes-dentales-2\/\" \/>\n<meta property=\"og:site_name\" content=\"Aitziber Yag\u00fce Cort\u00e1zar\" \/>\n<meta property=\"article:publisher\" content=\"https:\/\/www.facebook.com\/aitziberyaguecortazar\" \/>\n<meta property=\"article:modified_time\" content=\"2021-02-04T13:38:59+00:00\" \/>\n<meta property=\"og:image\" content=\"https:\/\/aitziberyaguecortazar.com\/wp-content\/uploads\/2023\/05\/aitziber-yague-cortazar-logo-1.jpg\" \/>\n\t<meta property=\"og:image:width\" content=\"1200\" \/>\n\t<meta property=\"og:image:height\" content=\"675\" \/>\n\t<meta property=\"og:image:type\" content=\"image\/jpeg\" \/>\n<meta name=\"twitter:card\" content=\"summary_large_image\" \/>\n<meta name=\"twitter:label1\" content=\"Est. reading time\" \/>\n\t<meta name=\"twitter:data1\" content=\"6 minutes\" \/>\n<script type=\"application\/ld+json\" class=\"yoast-schema-graph\">{\"@context\":\"https:\/\/schema.org\",\"@graph\":[{\"@type\":\"WebPage\",\"@id\":\"https:\/\/aitziberyaguecortazar.com\/en\/implantes-dentales-2\/\",\"url\":\"https:\/\/aitziberyaguecortazar.com\/en\/implantes-dentales-2\/\",\"name\":\"Implantes dentales - Aitziber Yag\u00fce Cort\u00e1zar\",\"isPartOf\":{\"@id\":\"https:\/\/aitziberyaguecortazar.com\/#website\"},\"datePublished\":\"2021-01-28T12:06:08+00:00\",\"dateModified\":\"2021-02-04T13:38:59+00:00\",\"breadcrumb\":{\"@id\":\"https:\/\/aitziberyaguecortazar.com\/en\/implantes-dentales-2\/#breadcrumb\"},\"inLanguage\":\"en-US\",\"potentialAction\":[{\"@type\":\"ReadAction\",\"target\":[\"https:\/\/aitziberyaguecortazar.com\/en\/implantes-dentales-2\/\"]}]},{\"@type\":\"BreadcrumbList\",\"@id\":\"https:\/\/aitziberyaguecortazar.com\/en\/implantes-dentales-2\/#breadcrumb\",\"itemListElement\":[{\"@type\":\"ListItem\",\"position\":1,\"name\":\"Portada\",\"item\":\"https:\/\/aitziberyaguecortazar.com\/en\/\"},{\"@type\":\"ListItem\",\"position\":2,\"name\":\"Implantes dentales\"}]},{\"@type\":\"WebSite\",\"@id\":\"https:\/\/aitziberyaguecortazar.com\/#website\",\"url\":\"https:\/\/aitziberyaguecortazar.com\/\",\"name\":\"Aitziber Yag\u00fce Cort\u00e1zar\",\"description\":\"Cl\u00ednica dental y maxilofacial.\",\"publisher\":{\"@id\":\"https:\/\/aitziberyaguecortazar.com\/#organization\"},\"potentialAction\":[{\"@type\":\"SearchAction\",\"target\":{\"@type\":\"EntryPoint\",\"urlTemplate\":\"https:\/\/aitziberyaguecortazar.com\/?s={search_term_string}\"},\"query-input\":{\"@type\":\"PropertyValueSpecification\",\"valueRequired\":true,\"valueName\":\"search_term_string\"}}],\"inLanguage\":\"en-US\"},{\"@type\":\"Organization\",\"@id\":\"https:\/\/aitziberyaguecortazar.com\/#organization\",\"name\":\"Aitziber Yag\u00fce Cortazar\",\"url\":\"https:\/\/aitziberyaguecortazar.com\/\",\"logo\":{\"@type\":\"ImageObject\",\"inLanguage\":\"en-US\",\"@id\":\"https:\/\/aitziberyaguecortazar.com\/#\/schema\/logo\/image\/\",\"url\":\"https:\/\/aitziberyaguecortazar.com\/wp-content\/uploads\/2023\/05\/aitziber-yague-cortazar-logo.png\",\"contentUrl\":\"https:\/\/aitziberyaguecortazar.com\/wp-content\/uploads\/2023\/05\/aitziber-yague-cortazar-logo.png\",\"width\":833,\"height\":833,\"caption\":\"Aitziber Yag\u00fce Cortazar\"},\"image\":{\"@id\":\"https:\/\/aitziberyaguecortazar.com\/#\/schema\/logo\/image\/\"},\"sameAs\":[\"https:\/\/www.facebook.com\/aitziberyaguecortazar\"]}]}<\/script>\n<!-- \/ Yoast SEO plugin. -->","yoast_head_json":{"title":"Implantes dentales - Aitziber Yag\u00fce Cort\u00e1zar","robots":{"index":"index","follow":"follow","max-snippet":"max-snippet:-1","max-image-preview":"max-image-preview:large","max-video-preview":"max-video-preview:-1"},"canonical":"https:\/\/aitziberyaguecortazar.com\/en\/implantes-dentales-2\/","og_locale":"en_US","og_type":"article","og_title":"Implantes dentales - Aitziber Yag\u00fce Cort\u00e1zar","og_url":"https:\/\/aitziberyaguecortazar.com\/en\/implantes-dentales-2\/","og_site_name":"Aitziber Yag\u00fce Cort\u00e1zar","article_publisher":"https:\/\/www.facebook.com\/aitziberyaguecortazar","article_modified_time":"2021-02-04T13:38:59+00:00","og_image":[{"width":1200,"height":675,"url":"https:\/\/aitziberyaguecortazar.com\/wp-content\/uploads\/2023\/05\/aitziber-yague-cortazar-logo-1.jpg","type":"image\/jpeg"}],"twitter_card":"summary_large_image","twitter_misc":{"Est. reading time":"6 minutes"},"schema":{"@context":"https:\/\/schema.org","@graph":[{"@type":"WebPage","@id":"https:\/\/aitziberyaguecortazar.com\/en\/implantes-dentales-2\/","url":"https:\/\/aitziberyaguecortazar.com\/en\/implantes-dentales-2\/","name":"Implantes dentales - Aitziber Yag\u00fce Cort\u00e1zar","isPartOf":{"@id":"https:\/\/aitziberyaguecortazar.com\/#website"},"datePublished":"2021-01-28T12:06:08+00:00","dateModified":"2021-02-04T13:38:59+00:00","breadcrumb":{"@id":"https:\/\/aitziberyaguecortazar.com\/en\/implantes-dentales-2\/#breadcrumb"},"inLanguage":"en-US","potentialAction":[{"@type":"ReadAction","target":["https:\/\/aitziberyaguecortazar.com\/en\/implantes-dentales-2\/"]}]},{"@type":"BreadcrumbList","@id":"https:\/\/aitziberyaguecortazar.com\/en\/implantes-dentales-2\/#breadcrumb","itemListElement":[{"@type":"ListItem","position":1,"name":"Portada","item":"https:\/\/aitziberyaguecortazar.com\/en\/"},{"@type":"ListItem","position":2,"name":"Implantes dentales"}]},{"@type":"WebSite","@id":"https:\/\/aitziberyaguecortazar.com\/#website","url":"https:\/\/aitziberyaguecortazar.com\/","name":"Aitziber Yag\u00fce Cort\u00e1zar","description":"Cl\u00ednica dental y maxilofacial.","publisher":{"@id":"https:\/\/aitziberyaguecortazar.com\/#organization"},"potentialAction":[{"@type":"SearchAction","target":{"@type":"EntryPoint","urlTemplate":"https:\/\/aitziberyaguecortazar.com\/?s={search_term_string}"},"query-input":{"@type":"PropertyValueSpecification","valueRequired":true,"valueName":"search_term_string"}}],"inLanguage":"en-US"},{"@type":"Organization","@id":"https:\/\/aitziberyaguecortazar.com\/#organization","name":"Aitziber Yag\u00fce Cortazar","url":"https:\/\/aitziberyaguecortazar.com\/","logo":{"@type":"ImageObject","inLanguage":"en-US","@id":"https:\/\/aitziberyaguecortazar.com\/#\/schema\/logo\/image\/","url":"https:\/\/aitziberyaguecortazar.com\/wp-content\/uploads\/2023\/05\/aitziber-yague-cortazar-logo.png","contentUrl":"https:\/\/aitziberyaguecortazar.com\/wp-content\/uploads\/2023\/05\/aitziber-yague-cortazar-logo.png","width":833,"height":833,"caption":"Aitziber Yag\u00fce Cortazar"},"image":{"@id":"https:\/\/aitziberyaguecortazar.com\/#\/schema\/logo\/image\/"},"sameAs":["https:\/\/www.facebook.com\/aitziberyaguecortazar"]}]}},"_links":{"self":[{"href":"https:\/\/aitziberyaguecortazar.com\/en\/wp-json\/wp\/v2\/pages\/2819","targetHints":{"allow":["GET"]}}],"collection":[{"href":"https:\/\/aitziberyaguecortazar.com\/en\/wp-json\/wp\/v2\/pages"}],"about":[{"href":"https:\/\/aitziberyaguecortazar.com\/en\/wp-json\/wp\/v2\/types\/page"}],"author":[{"embeddable":true,"href":"https:\/\/aitziberyaguecortazar.com\/en\/wp-json\/wp\/v2\/users\/1"}],"replies":[{"embeddable":true,"href":"https:\/\/aitziberyaguecortazar.com\/en\/wp-json\/wp\/v2\/comments?post=2819"}],"version-history":[{"count":6,"href":"https:\/\/aitziberyaguecortazar.com\/en\/wp-json\/wp\/v2\/pages\/2819\/revisions"}],"predecessor-version":[{"id":3133,"href":"https:\/\/aitziberyaguecortazar.com\/en\/wp-json\/wp\/v2\/pages\/2819\/revisions\/3133"}],"wp:attachment":[{"href":"https:\/\/aitziberyaguecortazar.com\/en\/wp-json\/wp\/v2\/media?parent=2819"}],"curies":[{"name":"wp","href":"https:\/\/api.w.org\/{rel}","templated":true}]}}